{"id":5592,"date":"2024-03-05T09:25:09","date_gmt":"2024-03-05T09:25:09","guid":{"rendered":"https:\/\/www.devengo.com\/terms-and-conditions\/"},"modified":"2025-06-02T15:40:02","modified_gmt":"2025-06-02T15:40:02","slug":"terminos-y-condiciones","status":"publish","type":"page","link":"https:\/\/www.devengo.com\/es\/terminos-y-condiciones\/","title":{"rendered":"T\u00e9rminos y condiciones"},"content":{"rendered":"\n<h2 class=\"wp-block-heading\">Aviso Legal<\/h2>\n\n\n\n<p>Este Aviso Legal establece los t\u00e9rminos y condiciones para el acceso y uso del sitio web ubicado en el dominio <strong>devengo.com<\/strong>, as\u00ed como de cualquiera de sus subdominios (en adelante, el \u00absitio web\u00bb), que DEVENGO S.L. (en adelante, \u00abDEVENGO\u00bb) pone a disposici\u00f3n de sus usuarios (en adelante, \u00abusuarios\u00bb) de forma gratuita.<\/p>\n\n\n\n<p>Al acceder y utilizar el sitio web, los usuarios reconocen, entienden y aceptan sin reservas los t\u00e9rminos y condiciones establecidos en este Aviso Legal (los \u00abT\u00e9rminos y Condiciones\u00bb). Por ello, se recomienda leer detenidamente este documento y cualquier mensaje, instrucci\u00f3n o advertencia que se muestre mientras se navega o se utiliza el sitio web, ya que deber\u00e1n cumplirse en su totalidad. En caso de no estar de acuerdo, el usuario deber\u00e1 abstenerse de utilizar el sitio web.<\/p>\n\n\n\n<p>DEVENGO se reserva el derecho de modificar o actualizar estos T\u00e9rminos y Condiciones en cualquier momento y sin previo aviso, ya sea por requisitos normativos, motivos t\u00e9cnicos, cambios en los servicios ofrecidos o decisiones estrat\u00e9gicas. Dichos cambios quedar\u00e1n publicados en el sitio web, por lo que se recomienda a los usuarios revisarlos peri\u00f3dicamente.<\/p>\n\n\n\n<p>Si el usuario no est\u00e1 de acuerdo con los cambios, deber\u00e1 dejar de utilizar el sitio web y, en su caso, darse de baja de cualquier registro o lista de correo asociada al sitio web. El uso del sitio web despu\u00e9s de que se hayan realizado los cambios se considerar\u00e1 como aceptaci\u00f3n de los mismos.<\/p>\n\n\n\n<h2 class=\"wp-block-heading\">Identificaci\u00f3n del propietario del sitio web<\/h2>\n\n\n\n<p>El propietario del sitio web es DEVENGO, S.L., con CIF B-88353412 y domicilio social en Calle Barquillo 40, 1\u00ba derecha, C.P. 28004, Madrid, inscrita en el Registro Mercantil de Madrid, Tomo 39.112, folio 9, Hoja M-694.923.<\/p>\n\n\n\n<p>Devengo es una Entidad de Pago autorizada por Banco de Espa\u00f1a, inscrita en el Registro Especial de Entidades de Pago de Banco de Espa\u00f1a con el n\u00famero de entidad 6940, con licencia para la prestaci\u00f3n del servicio de ejecuci\u00f3n de operaciones de pago, incluida la transferencia de fondos, a trav\u00e9s de una cuenta de pago, regulado en el Real Decreto Ley 19\/2018, de 23 de noviembre 2018 de transposici\u00f3n en Espa\u00f1a de la Directiva (UE) 2015\/2366 del Parlamento Europeo y del Consejo de 25 de noviembre de 2015 sobre servicios de pago (Directiva PSD2).<\/p>\n\n\n\n<p>El correo electr\u00f3nico de contacto es: hola@devengo.com<\/p>\n\n\n\n<h2 class=\"wp-block-heading\"><strong>Comisi\u00f3n de Auditor\u00eda<\/strong><\/h2>\n\n\n\n<p>DEVENGO, S.L. se acoge a la excepci\u00f3n prevista en la disposici\u00f3n adicional tercera de la Ley 22\/2015, de 20 de julio, de Auditor\u00eda de Cuentas, por la cual las funciones del Comit\u00e9 de Auditor\u00eda son asumidas por el \u00d3rgano de Administraci\u00f3n.<\/p>\n\n\n\n<h2 class=\"wp-block-heading\">Prop\u00f3sito del sitio web<\/h2>\n\n\n\n<p>El sitio web tiene como finalidad informar al usuario sobre los servicios que ofrece DEVENGO.<\/p>\n\n\n\n<h2 class=\"wp-block-heading\">Acceso al sitio web<\/h2>\n\n\n\n<p>El acceso y la navegaci\u00f3n por el sitio web, as\u00ed como el uso de sus funcionalidades, es gratuito. Algunos servicios que se proporcionan a trav\u00e9s del sitio web podr\u00e1n estar sujetos a t\u00e9rminos, pol\u00edticas o instrucciones adicionales que, en tal caso, complementar\u00e1n o modificar\u00e1n estos T\u00e9rminos y Condiciones.<\/p>\n\n\n\n<p>Los usuarios se comprometen a utilizar el sitio web de manera adecuada y conforme a la legislaci\u00f3n aplicable y a lo establecido en estos T\u00e9rminos y Condiciones. En particular, se comprometen a abstenerse de:<\/p>\n\n\n\n<ul class=\"wp-block-list\">\n<li>Utilizar el sitio web de forma no autorizada, fraudulenta o para fines il\u00edcitos.<\/li>\n\n\n\n<li>Utilizar el sitio web con fines il\u00edcitos, ilegales, contrarios a las disposiciones de estos t\u00e9rminos y condiciones, perjudiciales para los derechos e intereses de terceros o que, de cualquier forma, puedan da\u00f1ar, deshabilitar, sobrecargar o impedir el uso o disfrute normal del sitio web;<\/li>\n\n\n\n<li>Provocar da\u00f1os al sitio web o a los sistemas de sus proveedores o de terceros, as\u00ed como, en particular, introducir o distribuir virus inform\u00e1ticos u otros elementos f\u00edsicos o l\u00f3gicos que puedan causar da\u00f1os a los sistemas de DEVENGO, sus proveedores o terceros;<\/li>\n\n\n\n<li>Intentar acceder, utilizar y\/o manipular los datos de DEVENGO, de terceros u otros usuarios;<\/li>\n\n\n\n<li>Aplicar t\u00e9cnicas de ingenier\u00eda inversa, descifrar, descompilar o utilizar cualquier otro m\u00e9todo para conocer el c\u00f3digo fuente del sitio web o cualquier otro elemento sujeto a derechos de autor o derechos de propiedad intelectual;<\/li>\n\n\n\n<li>Modificar o intentar modificar el sitio web, tomar cualquier acci\u00f3n o utilizar cualquier medio para alterar su apariencia o funciones; y\/o<\/li>\n\n\n\n<li>Intentar acceder y\/o utilizar las cuentas de correo electr\u00f3nico de otros usuarios, as\u00ed como modificar o manipular sus mensajes.<\/li>\n<\/ul>\n\n\n\n<h2 class=\"wp-block-heading\"><strong>Limitaci\u00f3n de responsabilidad<\/strong><\/h2>\n\n\n\n<p>DEVENGO no garantiza la disponibilidad ni el funcionamiento continuo del sitio web. En consecuencia, DEVENGO no ser\u00e1 responsable en ning\u00fan caso de los da\u00f1os y p\u00e9rdidas que puedan derivarse de:<\/p>\n\n\n\n<ul class=\"wp-block-list\">\n<li>La falta de disponibilidad o accesibilidad del sitio web;<\/li>\n\n\n\n<li>La interrupci\u00f3n en el funcionamiento del sitio web y\/o fallos inform\u00e1ticos, problemas telef\u00f3nicos, desconexiones, retrasos o bloqueos causados por deficiencias o sobrecargas en las l\u00edneas telef\u00f3nicas, centros de datos, en el sistema de internet o en otros sistemas electr\u00f3nicos, producidos en el curso de su funcionamiento;<\/li>\n\n\n\n<li>Las comunicaciones o discusiones durante debates, foros, chats y comunidades virtuales organizadas a trav\u00e9s o en torno al sitio web, ni ser\u00e1 responsable de los da\u00f1os y p\u00e9rdidas que sufran los usuarios como consecuencia de dichas comunicaciones y\/o discusiones;<\/li>\n\n\n\n<li>Los errores o retrasos en el acceso al sitio web por parte del usuario al introducir sus datos en el formulario, la lentitud o imposibilidad de recibir las confirmaciones pertinentes por parte de los destinatarios, o cualquier fallo que pudiera derivarse de problemas en la red de internet, eventos fortuitos, fuerza mayor u otra contingencia imprevista ajena a la buena fe de DEVENGO;<\/li>\n\n\n\n<li>Las p\u00e9rdidas o da\u00f1os de cualquier tipo que se deriven del acceso y uso del sitio web, incluyendo, entre otros, aquellos producidos en sistemas inform\u00e1ticos o causados por la introducci\u00f3n de virus y\/o ataques inform\u00e1ticos;<\/li>\n\n\n\n<li>La exactitud, integridad o actualizaci\u00f3n de la informaci\u00f3n que no haya sido elaborada por la propia empresa; y<\/li>\n\n\n\n<li>Otros da\u00f1os que puedan ser causados por terceros mediante intromisiones no autorizadas y fuera del control de DEVENGO.<\/li>\n<\/ul>\n\n\n\n<p>No obstante a todo lo anterior, DEVENGO se compromete a hacer todo lo posible para resolver cualquier problema que pueda surgir y a proporcionar todo el soporte necesario a los usuarios para lograr una soluci\u00f3n r\u00e1pida y satisfactoria al incidente.<\/p>\n\n\n\n<p>DEVENGO no garantiza la ausencia de virus u otros elementos en el sitio web introducidos por terceros ajenos a DEVENGO, que puedan causar alteraciones en los sistemas f\u00edsicos o l\u00f3gicos de los usuarios, en documentos electr\u00f3nicos o en los archivos almacenados en sus sistemas. En consecuencia, DEVENGO no ser\u00e1 en ning\u00fan caso responsable de los da\u00f1os y p\u00e9rdidas de cualquier tipo que pudieran derivarse de la presencia de virus u otros elementos que puedan ocasionar alteraciones en los sistemas f\u00edsicos o l\u00f3gicos de los usuarios, en documentos electr\u00f3nicos o en archivos.<\/p>\n\n\n\n<p>DEVENGO no garantiza que terceros no autorizados no puedan conocer las condiciones, caracter\u00edsticas y circunstancias bajo las cuales los usuarios acceden al sitio web. En consecuencia, DEVENGO no ser\u00e1 en ning\u00fan caso responsable de los da\u00f1os y p\u00e9rdidas que pudieran derivarse de dicho acceso no autorizado.<\/p>\n\n\n\n<p>Al aceptar estos t\u00e9rminos y condiciones, los usuarios declaran que exonerar\u00e1n a DEVENGO de cualquier reclamaci\u00f3n contra DEVENGO, su empresa matriz, directores, accionistas, empleados, abogados y agentes que surja por el incumplimiento por parte de los usuarios de cualquiera de las disposiciones contenidas en estos t\u00e9rminos y condiciones o de cualquier ley o normativa aplicable en relaci\u00f3n con el incumplimiento o la violaci\u00f3n de los derechos de terceros.<\/p>\n\n\n\n<p>En cualquier caso, DEVENGO solo ser\u00e1 responsable de aquellos da\u00f1os que los usuarios puedan sufrir como consecuencia de una acci\u00f3n intencional o de una negligencia grave por parte de esta empresa, en relaci\u00f3n con el acceso al sitio web, la prestaci\u00f3n de sus servicios, as\u00ed como el uso de los contenidos, herramientas y funcionalidades.<\/p>\n\n\n\n<h2 class=\"wp-block-heading\"><strong>Enlaces a terceros<\/strong><\/h2>\n\n\n\n<p>DEVENGO no controla el contenido de otros sitios a los que se pueda acceder a trav\u00e9s de este sitio web, ni de aquellos a los que permite el acceso mediante diversos enlaces. Por ello, DEVENGO no se hace responsable ni de la informaci\u00f3n contenida en dichos sitios ni de los efectos que pudieran derivarse de ella. DEVENGO pone estos enlaces a disposici\u00f3n de los usuarios para su conveniencia, lo que en ning\u00fan caso deber\u00e1 interpretarse como un aval o patrocinio por parte de DEVENGO de los contenidos de esos sitios web. DEVENGO no ofrece ninguna garant\u00eda, expresa o impl\u00edcita, respecto a la veracidad, propiedad, validez o legalidad de ninguno de los sitios enlazados y de su contenido.<\/p>\n\n\n\n<p>Si alg\u00fan usuario o tercero observa que los contenidos a los que se permite acceder mediante enlaces pudieran ser contrarios a la ley, la moral o el orden p\u00fablico, deber\u00e1 informar a DEVENGO por correo electr\u00f3nico a: <a>abusos@devengo.com<\/a>.<\/p>\n\n\n\n<h2 class=\"wp-block-heading\"><strong>Derechos de propiedad intelectual<\/strong><\/h2>\n\n\n\n<p>Este sitio web es propiedad de DEVENGO. Sus contenidos (incluyendo, entre otros, su c\u00f3digo fuente, marcas comerciales, im\u00e1genes, iconos, dise\u00f1os y disposici\u00f3n general) est\u00e1n protegidos, de acuerdo con la normativa espa\u00f1ola, comunitaria e internacional, por derechos de autor, marcas registradas y otros derechos de propiedad intelectual que pertenecen a DEVENGO, a empresas de su grupo o a terceros. El acceso a este sitio web no confiere en ning\u00fan caso, ni podr\u00e1 interpretarse como, autorizaci\u00f3n o licencia de ning\u00fan tipo sobre dichos contenidos y derechos.<\/p>\n\n\n\n<p>Adem\u00e1s, ciertos nombres comerciales, marcas, logotipos, esl\u00f3ganes y otros materiales que se muestran en este sitio web y\/o en la aplicaci\u00f3n est\u00e1n debidamente registrados a nombre de DEVENGO u otras entidades. Los usuarios no est\u00e1n autorizados a utilizar ninguno de estos elementos, que en todo caso seguir\u00e1n siendo propiedad de DEVENGO o de dichas entidades.<\/p>\n\n\n\n<p>Queda expresamente prohibido cualquier acto de reproducci\u00f3n, distribuci\u00f3n, transformaci\u00f3n o comunicaci\u00f3n p\u00fablica, as\u00ed como cualquier tipo de transferencia, total o parcial, del contenido del sitio web y\/o de la aplicaci\u00f3n y, en general, cualquier forma de explotaci\u00f3n total o parcial del contenido (im\u00e1genes, textos, dise\u00f1o, \u00edndices, formularios, etc.), as\u00ed como de las posibles bases de datos que el sitio web pudiera contener y de cualquier objeto que pueda estar protegido por la legislaci\u00f3n vigente, en especial en lo que se refiere a la normativa sobre propiedad intelectual.<\/p>\n\n\n\n<p>En particular, los usuarios no podr\u00e1n, bajo ninguna circunstancia, explotar o utilizar de forma comercial, directa o indirecta, total o parcialmente, ninguno de los contenidos que integran el sitio web y\/o la aplicaci\u00f3n, ni modificar, copiar, distribuir, transmitir, exhibir, anunciar, vender y\/o licenciar cualquier contenido del sitio web o crear obras derivadas del mismo, sin la autorizaci\u00f3n previa y por escrito de DEVENGO y, en su caso, del titular del contenido. Cualquier autorizaci\u00f3n o licencia relativa al sitio web y a sus contenidos no implica, en ning\u00fan caso, la renuncia, transmisi\u00f3n o cesi\u00f3n total o parcial de ninguno de los derechos mencionados.<\/p>\n\n\n\n<p>Los usuarios podr\u00e1n, de vez en cuando, imprimir copias de p\u00e1ginas individuales del sitio web, siempre que lo hagan para su uso personal y no comercial, y conservando, sin alteraciones, los avisos relativos a derechos de autor, marcas registradas y cualquier otra identificaci\u00f3n referente a los derechos de DEVENGO o de terceros. Queda estrictamente prohibida la realizaci\u00f3n de cualquier otro tipo de copia, ya sea en formato electr\u00f3nico, papel o cualquier otra modalidad.<\/p>\n\n\n\n<p>DEVENGO se reserva expresamente el derecho de emprender las acciones civiles y penales que, conforme a la legislaci\u00f3n espa\u00f1ola y extranjera, le correspondan como consecuencia de la vulneraci\u00f3n de la posesi\u00f3n leg\u00edtima y\/o el uso no autorizado de sus derechos de propiedad intelectual.<\/p>\n\n\n\n<h2 class=\"wp-block-heading\"><strong>Protecci\u00f3n de datos<\/strong><\/h2>\n\n\n\n<p>La navegaci\u00f3n y el uso de ciertos servicios en este sitio web y\/o en la aplicaci\u00f3n pueden requerir que los usuarios proporcionen datos personales. DEVENGO procesa este tipo de informaci\u00f3n en cumplimiento de la legislaci\u00f3n aplicable, tal y como se establece en las pol\u00edticas de privacidad indicadas a continuaci\u00f3n y que forman parte de estos t\u00e9rminos y condiciones.<\/p>\n\n\n\n<p><a href=\"\/es\/politica-de-privacidad\" data-type=\"page\" data-id=\"2\">Ver la pol\u00edtica de privacidad del sitio web<\/a><\/p>\n\n\n\n<h2 class=\"wp-block-heading\">Pol\u00edtica de cookies<\/h2>\n\n\n\n<p>Mientras navegas por el sitio web se utilizar\u00e1n cookies, de conformidad con lo dispuesto en la normativa aplicable y tal y como se describe en las pol\u00edticas de cookies indicadas a continuaci\u00f3n, que a su vez forman parte de la pol\u00edtica de privacidad.<\/p>\n\n\n\n<p><a href=\"\/es\/politica-de-cookies\">Ver la pol\u00edtica de cookies<\/a><\/p>\n\n\n\n<p>En este sentido, ten en cuenta que las cookies son peque\u00f1os archivos de datos que se almacenan en el terminal del usuario que visita el sitio web y\/o la aplicaci\u00f3n, y que contienen o guardan cierta informaci\u00f3n sobre la visita.<\/p>\n\n\n\n<h2 class=\"wp-block-heading\">Notificaciones<\/h2>\n\n\n\n<p>DEVENGO podr\u00e1 enviar las notificaciones pertinentes a trav\u00e9s de la direcci\u00f3n de correo electr\u00f3nico proporcionada por los usuarios en los formularios.<\/p>\n\n\n\n<h2 class=\"wp-block-heading\"><strong>Transferencia de derechos<\/strong><\/h2>\n\n\n\n<p>Los usuarios no podr\u00e1n ceder sus derechos y obligaciones derivados de estos t\u00e9rminos y condiciones sin el previo consentimiento por escrito de DEVENGO. Asimismo, DEVENGO podr\u00e1 ceder a cualquier entidad dentro de su grupo de empresas, a nivel mundial, as\u00ed como a cualquier persona o entidad que la suceda en el ejercicio de su actividad por sus t\u00edtulos.<\/p>\n\n\n\n<h2 class=\"wp-block-heading\"><strong>Salvaguarda e interpretaci\u00f3n<\/strong><\/h2>\n\n\n\n<p>Estos t\u00e9rminos y condiciones constituyen un acuerdo entre cada uno de los usuarios y DEVENGO. Si la autoridad competente declara que alguna disposici\u00f3n es ilegal, inv\u00e1lida o inejecutable, dicha disposici\u00f3n se interpretar\u00e1 lo m\u00e1s fielmente posible a la intenci\u00f3n original de la misma. Dicho pronunciamiento respecto de una o m\u00e1s cl\u00e1usulas no perjudicar\u00e1 la validez de las restantes. El hecho de que DEVENGO no exija el estricto cumplimiento de alguna de las disposiciones contenidas en estos t\u00e9rminos y condiciones no constituir\u00e1 ni podr\u00e1 interpretarse en ning\u00fan caso como una renuncia por su parte a exigir dicho cumplimiento en el futuro.<\/p>\n\n\n\n<h2 class=\"wp-block-heading\">Idioma<\/h2>\n\n\n\n<p>El idioma aplicable a estos t\u00e9rminos y condiciones es el espa\u00f1ol. Por lo tanto, los usuarios aceptan expresamente que se rijan por la versi\u00f3n en espa\u00f1ol. Si se proporciona una versi\u00f3n en otro idioma, esta se facilitar\u00e1 \u00fanicamente como cortes\u00eda para la conveniencia de los usuarios.<\/p>\n\n\n\n<h2 class=\"wp-block-heading\"><strong>Legislaci\u00f3n y jurisdicci\u00f3n<\/strong><\/h2>\n\n\n\n<p>Salvo en los casos en que la normativa aplicable vigente exija la sumisi\u00f3n a una jurisdicci\u00f3n o legislaci\u00f3n diferente, este sitio web, sus contenidos y servicios, las relaciones entre los usuarios y DEVENGO, as\u00ed como estos t\u00e9rminos y condiciones, se regir\u00e1n e interpretar\u00e1n de acuerdo con la legislaci\u00f3n espa\u00f1ola; y cualquier cuesti\u00f3n o disputa que surja de o est\u00e9 relacionada con ellos deber\u00e1 someterse a los tribunales y juzgados del domicilio del usuario.<\/p>\n","protected":false},"excerpt":{"rendered":"<p>Aviso Legal Este Aviso Legal establece los t\u00e9rminos y condiciones para el acceso y uso del sitio web ubicado en el dominio devengo.com, as\u00ed como de cualquiera de sus subdominios (en adelante, el \u00absitio web\u00bb), que DEVENGO S.L. (en adelante, \u00abDEVENGO\u00bb) pone a disposici\u00f3n de sus usuarios (en adelante, \u00abusuarios\u00bb) de forma gratuita. Al acceder [&hellip;]<\/p>\n","protected":false},"author":4,"featured_media":0,"parent":0,"menu_order":0,"comment_status":"closed","ping_status":"closed","template":"template-compliance.php","meta":{"_acf_changed":false,"content-type":"","inline_featured_image":false,"footnotes":""},"ppma_author":[7],"class_list":["post-5592","page","type-page","status-publish","hentry"],"acf":[],"_links":{"self":[{"href":"https:\/\/www.devengo.com\/es\/wp-json\/wp\/v2\/pages\/5592","targetHints":{"allow":["GET"]}}],"collection":[{"href":"https:\/\/www.devengo.com\/es\/wp-json\/wp\/v2\/pages"}],"about":[{"href":"https:\/\/www.devengo.com\/es\/wp-json\/wp\/v2\/types\/page"}],"author":[{"embeddable":true,"href":"https:\/\/www.devengo.com\/es\/wp-json\/wp\/v2\/users\/4"}],"replies":[{"embeddable":true,"href":"https:\/\/www.devengo.com\/es\/wp-json\/wp\/v2\/comments?post=5592"}],"version-history":[{"count":12,"href":"https:\/\/www.devengo.com\/es\/wp-json\/wp\/v2\/pages\/5592\/revisions"}],"predecessor-version":[{"id":5854,"href":"https:\/\/www.devengo.com\/es\/wp-json\/wp\/v2\/pages\/5592\/revisions\/5854"}],"wp:attachment":[{"href":"https:\/\/www.devengo.com\/es\/wp-json\/wp\/v2\/media?parent=5592"}],"wp:term":[{"taxonomy":"author","embeddable":true,"href":"https:\/\/www.devengo.com\/es\/wp-json\/wp\/v2\/ppma_author?post=5592"}],"curies":[{"name":"wp","href":"https:\/\/api.w.org\/{rel}","templated":true}]}}