{"id":5647,"date":"2024-02-01T09:50:44","date_gmt":"2024-02-01T09:50:44","guid":{"rendered":"https:\/\/www.devengo.com\/privacy-policy\/"},"modified":"2025-03-27T08:16:27","modified_gmt":"2025-03-27T08:16:27","slug":"politica-de-privacidad","status":"publish","type":"page","link":"https:\/\/www.devengo.com\/es\/politica-de-privacidad\/","title":{"rendered":"Pol\u00edtica de privacidad"},"content":{"rendered":"\n<p>El objetivo de esta pol\u00edtica de privacidad (la \u00abPol\u00edtica de Privacidad\u00bb) es informar de forma clara y precisa a los usuarios (los \u00abusuarios\u00bb) del sitio web alojado bajo el dominio devengo.com (el \u00absitio web\u00bb) acerca del tratamiento de datos personales que DEVENGO, S.L. (en adelante, \u00abDEVENGO\u00bb) recoge a trav\u00e9s del mencionado sitio web.<\/p>\n\n\n\n<p>Esta Pol\u00edtica de Privacidad es aplicable \u00fanicamente al sitio web, entendi\u00e9ndose como tal todos los subdominios dependientes del mismo, con sus p\u00e1ginas y subp\u00e1ginas, que DEVENGO pone a disposici\u00f3n de los usuarios, eximi\u00e9ndose DEVENGO de cualquier responsabilidad por las diferentes pol\u00edticas de privacidad y protecci\u00f3n de datos personales que puedan contener las p\u00e1ginas web a las que el usuario acceda a trav\u00e9s de los hiperv\u00ednculos ubicados en este sitio web y que no sean gestionadas directamente por DEVENGO.<\/p>\n\n\n\n<p>Esta Pol\u00edtica de Privacidad se aplica a la informaci\u00f3n que DEVENGO recoge a trav\u00e9s del sitio web, por ejemplo, mediante formularios o navegaci\u00f3n.<\/p>\n\n\n\n<p>De acuerdo con lo dispuesto en la normativa aplicable, DEVENGO informa a los usuarios que los datos proporcionados a trav\u00e9s del sitio web se incorporar\u00e1n a sus ficheros de datos de los cuales es responsable.<\/p>\n\n\n\n<p>El cumplimentar los formularios por parte de los usuarios, as\u00ed como la informaci\u00f3n facilitada durante la prestaci\u00f3n de servicios, implica necesariamente, sin reservas, el conocimiento y la aceptaci\u00f3n de esta Pol\u00edtica de Privacidad. Por ello, se recomienda a los usuarios leer detenidamente esta pol\u00edtica de privacidad con antelaci\u00f3n.<\/p>\n\n\n\n<h2 class=\"wp-block-heading\"><strong>Identidad e informaci\u00f3n de contacto del responsable del tratamiento de datos<\/strong><\/h2>\n\n\n\n<p>DEVENGO, S.L. es una empresa con domicilio social en Calle Barquillo 40, 1\u00ba derecho, Madrid, con CIF B-88353412, inscrita en el Registro Mercantil de Madrid, Libro 39.112, folio 9, Hoja M-694.923.<\/p>\n\n\n\n<p>Correo de contacto: <a>hola@devengo.com<\/a><\/p>\n\n\n\n<h2 class=\"wp-block-heading\"><strong>Datos requeridos para ciertos tratamientos<\/strong><\/h2>\n\n\n\n<p>La facilitaci\u00f3n de los datos solicitados en los formularios para empresas o futuros empleados ofrecidos en el sitio web es voluntaria para los usuarios, aunque la omisi\u00f3n de determinados datos puede impedir el acceso a ciertos servicios proporcionados por DEVENGO.<\/p>\n\n\n\n<p>Los usuarios ser\u00e1n responsables, en cualquier caso, de la veracidad, exactitud, vigencia y autenticidad de los datos personales facilitados, y DEVENGO se reserva el derecho de excluir a aquellos usuarios que hayan proporcionado datos falsos de los servicios registrados, sin perjuicio de cualquier otra acci\u00f3n que pudiera ser aplicable por ley.<\/p>\n\n\n\n<h2 class=\"wp-block-heading\"><strong>Informaci\u00f3n recabada de los usuarios<\/strong><\/h2>\n\n\n\n<p>DEVENGO trata los siguientes datos personales de los usuarios:<\/p>\n\n\n\n<ul class=\"wp-block-list\">\n<li><strong>Datos identificativos<\/strong>, por ejemplo, nombre y apellidos.<\/li>\n\n\n\n<li><strong>Informaci\u00f3n de contacto<\/strong>, como direcci\u00f3n de correo electr\u00f3nico, direcci\u00f3n postal o n\u00famero de tel\u00e9fono.<\/li>\n<\/ul>\n\n\n\n<p>Asimismo, DEVENGO recopila y almacena datos obtenidos a trav\u00e9s del sitio web mediante herramientas tales como las llamadas cookies, que recogen informaci\u00f3n sobre la navegaci\u00f3n del usuario.<\/p>\n\n\n\n<h2 class=\"wp-block-heading\"><strong>Finalidades y base legal del tratamiento<\/strong><\/h2>\n\n\n\n<p>DEVENGO desea tratar todos los datos recibidos de forma l\u00edcita y, para ello, debe fundamentar el tratamiento de tus datos en una base legal suficiente. De acuerdo con lo anterior, DEVENGO trata los datos del usuario para gestionar las solicitudes enviadas a trav\u00e9s de los formularios para futuros empleados y empresas que desean trabajar con DEVENGO. Este tratamiento de datos es necesario para la ejecuci\u00f3n de la relaci\u00f3n contractual entre DEVENGO y el usuario, as\u00ed como para las posibles medidas precontractuales solicitadas por el usuario.<\/p>\n\n\n\n<p>En lo que respecta a la informaci\u00f3n obtenida mediante cookies y dispositivos o mecanismos similares, tales como p\u00edxeles o fragmentos de c\u00f3digo, que permiten almacenar y recuperar datos, la base legal ser\u00e1 el consentimiento seg\u00fan lo definido por la normativa aplicable y las directrices emitidas por la Agencia Espa\u00f1ola de Protecci\u00f3n de Datos en la fecha de elaboraci\u00f3n de esta pol\u00edtica de privacidad, as\u00ed como el inter\u00e9s leg\u00edtimo de DEVENGO para garantizar el correcto funcionamiento de las funcionalidades del sitio web.<\/p>\n\n\n\n<h2 class=\"wp-block-heading\"><strong>Consentimiento del usuario<\/strong><\/h2>\n\n\n\n<p>Al aceptar el aviso legal, la pol\u00edtica de cookies y esta pol\u00edtica de privacidad, el usuario reconoce haber le\u00eddo y comprendido los t\u00e9rminos y condiciones de uso, as\u00ed como las condiciones legales establecidas en esta pol\u00edtica de privacidad, y acepta de forma expresa y sin equ\u00edvocos su aplicaci\u00f3n al uso del sitio web durante la navegaci\u00f3n y la prestaci\u00f3n de los correspondientes servicios.<\/p>\n\n\n\n<p>Los usuarios declaran estar expresamente informados y autorizan a DEVENGO a recopilar y tratar sus datos para los fines indicados en esta pol\u00edtica de privacidad.<\/p>\n\n\n\n<p>Los usuarios deben notificar a DEVENGO cualquier modificaci\u00f3n que se produzca en los datos facilitados, siendo responsables, en cualquier caso, de la veracidad y exactitud de los datos proporcionados en todo momento. DEVENGO se reserva, en su caso y sin perjuicio de otras acciones que puedan corresponderle, el derecho a no prestar los servicios o a cancelar el registro de aquellos usuarios que proporcionen datos falsos o incompletos, o que compartan fotograf\u00edas no admitidas seg\u00fan la ley o la moral. Lo anterior no implica, en ning\u00fan caso, la aceptaci\u00f3n por parte de DEVENGO de responsabilidad alguna por da\u00f1os o perjuicios que puedan derivarse de la falsedad o inexactitud de los datos facilitados, de los cuales el usuario ser\u00e1 el \u00fanico responsable.<\/p>\n\n\n\n<h2 class=\"wp-block-heading\"><strong>Comunicaci\u00f3n de datos y transferencias internacionales<\/strong><\/h2>\n\n\n\n<p>Los datos personales recogidos a trav\u00e9s del sitio web no se transferir\u00e1n a ning\u00fan tercero para ser utilizados con fines propios, salvo aquellos para los que el usuario haya dado su consentimiento para su tratamiento.<\/p>\n\n\n\n<p>Sin embargo, los datos personales de los usuarios podr\u00e1n ser accesibles para el personal autorizado de DEVENGO y otros terceros o colaboradores que presten servicios en nombre de DEVENGO, con el fin de gestionar la prestaci\u00f3n de servicios, la relaci\u00f3n contractual y\/o precontractual con los usuarios o el tratamiento de las solicitudes realizadas por los usuarios. En aquellos casos en que se permita el acceso a datos a otras empresas colaboradoras, dicho acceso en representaci\u00f3n de terceros se regular\u00e1 mediante el correspondiente contrato, seg\u00fan lo exija la legislaci\u00f3n vigente.<\/p>\n\n\n\n<p>DEVENGO tambi\u00e9n podr\u00e1 divulgar los datos personales recogidos en los casos espec\u00edficos en que dicha transferencia est\u00e9 establecida y sea exigida por la normativa aplicable o cuando lo requieran las autoridades competentes.<\/p>\n\n\n\n<h2 class=\"wp-block-heading\"><strong>Periodos de conservaci\u00f3n<\/strong><\/h2>\n\n\n\n<p>DEVENGO conservar\u00e1 los datos personales de los usuarios en la medida necesaria para utilizarlos con el fin para el que fueron recogidos y de acuerdo con la base legal para su tratamiento. DEVENGO mantendr\u00e1 los datos personales del usuario mientras exista una relaci\u00f3n contractual y\/o comercial con el usuario y mientras el usuario no ejerza su derecho a oponerse y\/o a suprimir el tratamiento de sus datos personales.<\/p>\n\n\n\n<p>En estos casos, DEVENGO bloquear\u00e1 debidamente los datos, sin hacerles uso, mientras sean necesarios para el ejercicio o defensa de reclamaciones o mientras pueda derivarse de ellos alguna responsabilidad judicial, legal o contractual, lo que requiera su conservaci\u00f3n.<\/p>\n\n\n\n<h2 class=\"wp-block-heading\"><strong>Derechos del usuario<\/strong><\/h2>\n\n\n\n<p>En cualquier momento y\/o cuando lo consideren oportuno, los usuarios podr\u00e1n ejercer sus derechos de <strong>acceso, rectificaci\u00f3n, cancelaci\u00f3n, oposici\u00f3n, portabilidad y olvido<\/strong> escribiendo al correo electr\u00f3nico de contacto habilitado para tal fin: <a>gdpr@devengo.com<\/a>, adjuntando una copia del pasaporte o documento de identidad (del titular de los datos) e indicando expresamente en el asunto la solicitud que desean realizar:<\/p>\n\n\n\n<ul class=\"wp-block-list\">\n<li><strong>Acceso<\/strong>: Permite conocer qu\u00e9 datos personales est\u00e1n siendo tratados por DEVENGO, con qu\u00e9 finalidad, su origen y si han sido cedidos a terceros.<\/li>\n\n\n\n<li><strong>Rectificaci\u00f3n<\/strong>: Posibilita la modificaci\u00f3n de datos personales inexactos o incompletos. La solicitud debe especificar qu\u00e9 datos deben ser corregidos.<\/li>\n\n\n\n<li><strong>Cancelaci\u00f3n<\/strong>: Autoriza la eliminaci\u00f3n de los datos personales que sean inadecuados o excesivos.<\/li>\n\n\n\n<li><strong>Oposici\u00f3n<\/strong>: Permite al usuario oponerse al tratamiento de sus datos en determinadas circunstancias o para fines espec\u00edficos, como publicidad o elaboraci\u00f3n de perfiles basados \u00fanicamente en el tratamiento automatizado de datos.<\/li>\n\n\n\n<li><strong>Portabilidad<\/strong>: Da derecho a recibir los datos personales facilitados en un formato estructurado, de uso com\u00fan y lectura mec\u00e1nica, y a transmitirlos a otro responsable del tratamiento, siempre que sea t\u00e9cnicamente posible.<\/li>\n\n\n\n<li><strong>Olvido<\/strong>: Permite solicitar la eliminaci\u00f3n de los datos personales sin dilaci\u00f3n indebida en casos como el tratamiento il\u00edcito de datos o cuando la finalidad para la que fueron recogidos haya desaparecido.<\/li>\n<\/ul>\n\n\n\n<h2 class=\"wp-block-heading\"><strong>Uso de cookies<\/strong><\/h2>\n\n\n\n<p>El Sitio Web utiliza cookies y otros dispositivos tecnol\u00f3gicos para proporcionar determinados servicios y funciones, as\u00ed como para mejorar la experiencia en l\u00ednea de los Usuarios. Se recomienda leer detenidamente nuestra pol\u00edtica de cookies para obtener informaci\u00f3n sobre el uso responsable que DEVENGO hace de ellas y las opciones disponibles para configurar el navegador y gestionar las cookies.<\/p>\n\n\n\n<h2 class=\"wp-block-heading\"><strong>Modificaci\u00f3n de la pol\u00edtica de privacidad<\/strong><\/h2>\n\n\n\n<p>DEVENGO se reserva el derecho de modificar esta Pol\u00edtica de Privacidad, con el consentimiento previo del usuario, de acuerdo con la normativa aplicable en cada momento. En caso de que el usuario no otorgue su consentimiento, podr\u00eda perder el acceso a los servicios prestados por DEVENGO.<\/p>\n\n\n\n<h2 class=\"wp-block-heading\"><strong>Medidas de seguridad<\/strong><\/h2>\n\n\n\n<p>DEVENGO trata los datos personales de los usuarios con absoluta confidencialidad y ha implementado las medidas t\u00e9cnicas y organizativas apropiadas para garantizar la seguridad de los datos personales y evitar su destrucci\u00f3n, p\u00e9rdida, acceso il\u00edcito o alteraci\u00f3n indebida. Estas medidas han sido establecidas considerando el alcance, contexto y finalidad del tratamiento de datos, el estado de la tecnolog\u00eda y los riesgos asociados.<\/p>\n\n\n\n<p>Para cualquier consulta sobre la Pol\u00edtica de Privacidad, los Usuarios pueden ponerse en contacto con DEVENGO a trav\u00e9s del correo electr\u00f3nico: <a>gdpr@devengo.com<\/a>. Asimismo, si consideran que sus derechos no han sido debidamente atendidos, pueden presentar una reclamaci\u00f3n ante la Agencia Espa\u00f1ola de Protecci\u00f3n de Datos (AEPD), cuyos datos de contacto son: Tel\u00e9fono: 901 100 099 \/ 91 266 35 17. Direcci\u00f3n postal: C\/ Jorge Juan, 6, 28001 &#8211; Madrid. Sede electr\u00f3nica: <a href=\"https:\/\/sedeagpd.gob.es\/sede-electronica-web\" target=\"_blank\" rel=\"noopener\">https:\/\/sedeagpd.gob.es\/sede-electronica-web<\/a>. P\u00e1gina web: <a class=\"\" href=\"https:\/\/www.agpd.es\" target=\"_blank\" rel=\"noopener\">www.agpd.es<\/a><\/p>\n\n\n\n<p><\/p>\n","protected":false},"excerpt":{"rendered":"<p>El objetivo de esta pol\u00edtica de privacidad (la \u00abPol\u00edtica de Privacidad\u00bb) es informar de forma clara y precisa a los usuarios (los \u00abusuarios\u00bb) del sitio web alojado bajo el dominio devengo.com (el \u00absitio web\u00bb) acerca del tratamiento de datos personales que DEVENGO, S.L. (en adelante, \u00abDEVENGO\u00bb) recoge a trav\u00e9s del mencionado sitio web. Esta Pol\u00edtica [&hellip;]<\/p>\n","protected":false},"author":4,"featured_media":0,"parent":0,"menu_order":0,"comment_status":"closed","ping_status":"closed","template":"template-compliance.php","meta":{"_acf_changed":false,"content-type":"","inline_featured_image":false,"footnotes":""},"ppma_author":[5],"class_list":["post-5647","page","type-page","status-publish","hentry"],"acf":[],"_links":{"self":[{"href":"https:\/\/www.devengo.com\/es\/wp-json\/wp\/v2\/pages\/5647","targetHints":{"allow":["GET"]}}],"collection":[{"href":"https:\/\/www.devengo.com\/es\/wp-json\/wp\/v2\/pages"}],"about":[{"href":"https:\/\/www.devengo.com\/es\/wp-json\/wp\/v2\/types\/page"}],"author":[{"embeddable":true,"href":"https:\/\/www.devengo.com\/es\/wp-json\/wp\/v2\/users\/4"}],"replies":[{"embeddable":true,"href":"https:\/\/www.devengo.com\/es\/wp-json\/wp\/v2\/comments?post=5647"}],"version-history":[{"count":4,"href":"https:\/\/www.devengo.com\/es\/wp-json\/wp\/v2\/pages\/5647\/revisions"}],"predecessor-version":[{"id":5711,"href":"https:\/\/www.devengo.com\/es\/wp-json\/wp\/v2\/pages\/5647\/revisions\/5711"}],"wp:attachment":[{"href":"https:\/\/www.devengo.com\/es\/wp-json\/wp\/v2\/media?parent=5647"}],"wp:term":[{"taxonomy":"author","embeddable":true,"href":"https:\/\/www.devengo.com\/es\/wp-json\/wp\/v2\/ppma_author?post=5647"}],"curies":[{"name":"wp","href":"https:\/\/api.w.org\/{rel}","templated":true}]}}