{"id":5869,"date":"2025-06-12T06:50:29","date_gmt":"2025-06-12T06:50:29","guid":{"rendered":"https:\/\/www.devengo.com\/?page_id=5869"},"modified":"2025-06-12T11:04:23","modified_gmt":"2025-06-12T11:04:23","slug":"informacion-sobre-comisiones-y-tarifas","status":"publish","type":"page","link":"https:\/\/www.devengo.com\/es\/informacion-sobre-comisiones-y-tarifas\/","title":{"rendered":"Informaci\u00f3n sobre comisiones y tarifas"},"content":{"rendered":"\n<p>En Devengo aplicamos una <strong>pol\u00edtica de precios personalizada<\/strong> que se adapta a las necesidades espec\u00edficas de cada cliente. Nuestras tarifas no son fijas, sino que se determinan en funci\u00f3n de varios factores clave de su negocio.&nbsp;<\/p>\n\n\n\n<h3 class=\"wp-block-heading\"><strong>Factores que determinan su tarifa<\/strong><\/h3>\n\n\n\n<ul class=\"wp-block-list\">\n<li><strong>Perfil de riesgo: <\/strong>Sector de actividad, jurisdicci\u00f3n y an\u00e1lisis de compliance.<\/li>\n\n\n\n<li><strong>Caso de uso: <\/strong>Tipo de operaciones, pa\u00edses donde opera y servicios requeridos.<\/li>\n\n\n\n<li><strong>Volumen esperado: <\/strong>Cantidad y frecuencia de transacciones mensuales<\/li>\n<\/ul>\n\n\n\n<p>No obstante, como entidad de pago supervisada por el Banco de Espa\u00f1a, ponemos a su disposici\u00f3n el Documento Informativo de las Comisiones, donde podr\u00e1 consultar los m\u00e1ximos de comisiones y tarifas aplicables a los servicios m\u00e1s representativos asociados a la cuenta de pago. Este documento, elaborado conforme a la normativa vigente, est\u00e1 disponible en nuestra <a href=\"\/wp-content\/uploads\/2025\/06\/documento-informativo-comisiones_6940.pdf\" target=\"_blank\" rel=\"noreferrer noopener\">web<\/a>.<\/p>\n\n\n\n<p>Para cualquier cuesti\u00f3n adicional, nuestro equipo comercial estar\u00e1 a su disposici\u00f3n y le preparar\u00e1 una propuesta personalizada con las tarifas exactas que se aplicar\u00edan a su caso particular, sin compromiso.<\/p>\n","protected":false},"excerpt":{"rendered":"<p>En Devengo aplicamos una pol\u00edtica de precios personalizada que se adapta a las necesidades espec\u00edficas de cada cliente. Nuestras tarifas no son fijas, sino que se determinan en funci\u00f3n de varios factores clave de su negocio.&nbsp; Factores que determinan su tarifa No obstante, como entidad de pago supervisada por el Banco de Espa\u00f1a, ponemos a [&hellip;]<\/p>\n","protected":false},"author":1,"featured_media":0,"parent":0,"menu_order":0,"comment_status":"closed","ping_status":"closed","template":"template-compliance.php","meta":{"_acf_changed":false,"content-type":"","inline_featured_image":false,"footnotes":""},"ppma_author":[6],"class_list":["post-5869","page","type-page","status-publish","hentry"],"acf":[],"_links":{"self":[{"href":"https:\/\/www.devengo.com\/es\/wp-json\/wp\/v2\/pages\/5869","targetHints":{"allow":["GET"]}}],"collection":[{"href":"https:\/\/www.devengo.com\/es\/wp-json\/wp\/v2\/pages"}],"about":[{"href":"https:\/\/www.devengo.com\/es\/wp-json\/wp\/v2\/types\/page"}],"author":[{"embeddable":true,"href":"https:\/\/www.devengo.com\/es\/wp-json\/wp\/v2\/users\/1"}],"replies":[{"embeddable":true,"href":"https:\/\/www.devengo.com\/es\/wp-json\/wp\/v2\/comments?post=5869"}],"version-history":[{"count":3,"href":"https:\/\/www.devengo.com\/es\/wp-json\/wp\/v2\/pages\/5869\/revisions"}],"predecessor-version":[{"id":5885,"href":"https:\/\/www.devengo.com\/es\/wp-json\/wp\/v2\/pages\/5869\/revisions\/5885"}],"wp:attachment":[{"href":"https:\/\/www.devengo.com\/es\/wp-json\/wp\/v2\/media?parent=5869"}],"wp:term":[{"taxonomy":"author","embeddable":true,"href":"https:\/\/www.devengo.com\/es\/wp-json\/wp\/v2\/ppma_author?post=5869"}],"curies":[{"name":"wp","href":"https:\/\/api.w.org\/{rel}","templated":true}]}}